{"id":565,"date":"2022-01-28T20:23:36","date_gmt":"2022-01-28T19:23:36","guid":{"rendered":"http:\/\/www.lodho.com\/english\/?page_id=565"},"modified":"2022-02-07T15:14:26","modified_gmt":"2022-02-07T14:14:26","slug":"angelus","status":"publish","type":"page","link":"https:\/\/www.lodho.com\/english\/projects\/angelus\/","title":{"rendered":"Ang\u00e9lus"},"content":{"rendered":"\n<br>\n\n\n\n<p>Ang\u00e9lus est une installation sonore\u00a0itin\u00e9rante pour un camion de laitier et une dizaine de haut-parleurs is a travelling sound installation for a milk truck and a dozen independent speakers. The project is designed to be caught on the fly, piquing the curiosity of passers-by and intruding into everyday life. Angelus is flexible and multiform; it waltzes in residential neighborhoods, celebrates in the countryside, says I love you in the heart of winter, goes haywire in schoolyards.. soon it will arrive in Montreal.\u00a0<\/p>\n\n\n\n<br>\n\n\n\n<p><em>Ang\u00e9lus Qu\u00e9bec-Montr\u00e9al<\/em><\/p>\n\n\n\n<p>Following an invitation from the Carrefour international de th\u00e9\u00e2tre de Qu\u00e9bec and the OFFTA, Ang\u00e9lus spent 10 days on the road between Quebec City and Montreal from May 28 to June 6, 2021. It travelled the side roads and byways and resounded throughout 50 villages, give or take.\u00a0<a href=\"http:\/\/www.lodho.com\/projets\/angelus\/\"><a href=\"http:\/\/www.lodho.com\/projets\/angelus\/\">Click here to discover the ordinary splendors and misfortunes of the journey<\/a>.\u00a0<\/a><\/p>\n\n\n\n<br>\n\n\n\n<p><em>Ang\u00e9lus goes to school<\/em><\/p>\n\n\n\n<p>Cette fois, Ang\u00e9lus s\u2019arr\u00eate dans des cours d\u2019\u00e9cole. Le syst\u00e8me se d\u00e9traque, il faut arr\u00eater le camion pour rafistoler This time, Ang\u00e9lus stops in schoolyards. The system is breaking down; the truck needs to\u00a0\u00a0stop for repairs. Horn-organ, confetti, squeaky doors, booster cables, a magnetic antenna and whirring engines will all be used for the simple but difficult task of getting the music back on track.<\/p>\n\n\n\n<br>\n\n\n\n<p>Designed \/ performed by:&nbsp;Bruno Bouchard, Gabrielle Bouthillier, Jasmin Cloutier, Simon Elmaleh, Nadine Lizotte and Danya Ortmann<\/p>\n\n\n\n<br>\n\n\n\n<p><span style=\"color: #999999;\">Project supported by Entente de d\u00e9veloppement culturel MCC-Ville de Qu\u00e9bec.<\/span><\/p>\n","protected":false},"excerpt":{"rendered":"<p>Ang\u00e9lus est une installation sonore\u00a0itin\u00e9rante pour un camion de laitier et une dizaine de haut-parleurs is a travelling sound installation for a milk truck and a dozen independent speakers. The project is designed to be caught on the fly, piquing the curiosity of passers-by and intruding into everyday life. Angelus is flexible and multiform; it [&hellip;]<\/p>\n","protected":false},"author":2,"featured_media":0,"parent":20,"menu_order":4,"comment_status":"closed","ping_status":"closed","template":"","meta":{"footnotes":""},"class_list":["post-565","page","type-page","status-publish","hentry"],"_links":{"self":[{"href":"https:\/\/www.lodho.com\/english\/wp-json\/wp\/v2\/pages\/565"}],"collection":[{"href":"https:\/\/www.lodho.com\/english\/wp-json\/wp\/v2\/pages"}],"about":[{"href":"https:\/\/www.lodho.com\/english\/wp-json\/wp\/v2\/types\/page"}],"author":[{"embeddable":true,"href":"https:\/\/www.lodho.com\/english\/wp-json\/wp\/v2\/users\/2"}],"replies":[{"embeddable":true,"href":"https:\/\/www.lodho.com\/english\/wp-json\/wp\/v2\/comments?post=565"}],"version-history":[{"count":5,"href":"https:\/\/www.lodho.com\/english\/wp-json\/wp\/v2\/pages\/565\/revisions"}],"predecessor-version":[{"id":583,"href":"https:\/\/www.lodho.com\/english\/wp-json\/wp\/v2\/pages\/565\/revisions\/583"}],"up":[{"embeddable":true,"href":"https:\/\/www.lodho.com\/english\/wp-json\/wp\/v2\/pages\/20"}],"wp:attachment":[{"href":"https:\/\/www.lodho.com\/english\/wp-json\/wp\/v2\/media?parent=565"}],"curies":[{"name":"wp","href":"https:\/\/api.w.org\/{rel}","templated":true}]}}